{"id":515,"date":"2013-12-06T18:25:02","date_gmt":"2013-12-06T17:25:02","guid":{"rendered":"http:\/\/www.photos-34.com\/informations\/?page_id=515"},"modified":"2013-12-06T18:25:02","modified_gmt":"2013-12-06T17:25:02","slug":"chemtrails-drome-et-ardeche_une-experience-sur-les-populations-a-ciel-ouvert_mysterieux","status":"publish","type":"page","link":"https:\/\/www.photos-34.com\/informations\/?page_id=515","title":{"rendered":"CHEMTRAILS Dr\u00f4me et Ard\u00e8che_Une Exp\u00e9rience sur les Populations \u00e0 Ciel Ouvert_Myst\u00e9rieux"},"content":{"rendered":"<p><iframe loading=\"lazy\" frameborder=\"0\" width=\"600\" height=\"338\" src=\"http:\/\/www.dailymotion.com\/embed\/video\/x16z824\"><\/iframe><\/p>\n","protected":false},"excerpt":{"rendered":"","protected":false},"author":1,"featured_media":0,"parent":493,"menu_order":0,"comment_status":"open","ping_status":"open","template":"","meta":{"footnotes":""},"class_list":["post-515","page","type-page","status-publish","hentry"],"_links":{"self":[{"href":"https:\/\/www.photos-34.com\/informations\/index.php?rest_route=\/wp\/v2\/pages\/515","targetHints":{"allow":["GET"]}}],"collection":[{"href":"https:\/\/www.photos-34.com\/informations\/index.php?rest_route=\/wp\/v2\/pages"}],"about":[{"href":"https:\/\/www.photos-34.com\/informations\/index.php?rest_route=\/wp\/v2\/types\/page"}],"author":[{"embeddable":true,"href":"https:\/\/www.photos-34.com\/informations\/index.php?rest_route=\/wp\/v2\/users\/1"}],"replies":[{"embeddable":true,"href":"https:\/\/www.photos-34.com\/informations\/index.php?rest_route=%2Fwp%2Fv2%2Fcomments&post=515"}],"version-history":[{"count":1,"href":"https:\/\/www.photos-34.com\/informations\/index.php?rest_route=\/wp\/v2\/pages\/515\/revisions"}],"predecessor-version":[{"id":516,"href":"https:\/\/www.photos-34.com\/informations\/index.php?rest_route=\/wp\/v2\/pages\/515\/revisions\/516"}],"up":[{"embeddable":true,"href":"https:\/\/www.photos-34.com\/informations\/index.php?rest_route=\/wp\/v2\/pages\/493"}],"wp:attachment":[{"href":"https:\/\/www.photos-34.com\/informations\/index.php?rest_route=%2Fwp%2Fv2%2Fmedia&parent=515"}],"curies":[{"name":"wp","href":"https:\/\/api.w.org\/{rel}","templated":true}]}}