{"id":641,"date":"2013-12-21T08:33:05","date_gmt":"2013-12-21T07:33:05","guid":{"rendered":"http:\/\/www.photos-34.com\/informations\/?page_id=641"},"modified":"2013-12-21T08:33:32","modified_gmt":"2013-12-21T07:33:32","slug":"avril-2013-mort-danimeaux-dans-le-monde","status":"publish","type":"page","link":"https:\/\/www.photos-34.com\/informations\/?page_id=641","title":{"rendered":"Avril 2013 mort d&rsquo;animeaux dans le monde"},"content":{"rendered":"<p>30th Avril 2013 &#8211; tuer les poissons \u00e0 Eagles Mere lac un myst\u00e8re en Pennsylvanie , \u00c9tats-Unis. LinkFish Tuer USA<\/p>\n<p>29th Avril 2013 &#8211; 43 000 + b\u00e9tail mort des chutes de neige en Irlande du Nord . lien<\/p>\n<p>29th Avril 2013 &#8211; INFO : b\u00e9b\u00e9s phoques continuent \u00e0 se laver en Californie pr\u00e8s de la mort . 1400 \u00e0 ce jour en 2013 , en Am\u00e9rique . lien<\/p>\n<p>27th Avril 2013 &#8211; 4000 poules tu\u00e9es en raison de la grippe aviaire dans Rupandehi , au N\u00e9pal . lien<\/p>\n<p>26th Avril 2013 &#8211; 6500 poissons morts trouv\u00e9s dans un lac \u00e0 Coburg, Allemagne . lien<\/p>\n<p>26th Avril 2013 \u00e0 950 poulets tu\u00e9s en raison de la grippe aviaire \u00e0 Tlaxcala , au Mexique. lien<\/p>\n<p>26th April 2013 \u00e0 25 dauphins ont \u00e9chou\u00e9s morts au cours de ces derni\u00e8res semaines dans le sud de l&rsquo;Australie . lien<\/p>\n<p>26th Avril 2013 &#8211; Des centaines d&rsquo;oiseaux morts du Printemps Temp\u00eate de neige dans le Colorado , en Am\u00e9rique . lien<\/p>\n<p>25th Avril 2013 &#8211; Des centaines de poissons retrouv\u00e9s morts dans la rivi\u00e8re Stour , Ashford , Angleterre . lien<\/p>\n<p>25th Avril 2013 &#8211; 60 000 canards tu\u00e9s dans le s\u00e9isme dans le comt\u00e9 de Lushan , Chine . lien<\/p>\n<p>25 avril 2013 &#8211; 10 000 Martinets tu\u00e9s en raison de la grippe aviaire au Vietnam . lien<\/p>\n<p>24 avril 2013 &#8211; 1000 de b\u00e9tail sont mortes en raison de la maladie \u00e0 Colombo , Sri Lanka . lien<\/p>\n<p>24th Avril 2013 &#8211; Des centaines d&rsquo;animaux de ferme retrouv\u00e9 mort choc provoquant dans le Yorkshire , en Angleterre. lien<\/p>\n<p>21st Avril 2013 &#8211; 10 000 oiseaux tu\u00e9s par un orage en Jhenidah , Bangladesh . lien<\/p>\n<p>21st Avril 2013 &#8211; Des centaines de milliers de poissons meurent dans Kali Bein , en Inde. LinkDead poisson Kali Bein<\/p>\n<p>21st Avril 2013 &#8211; 30 000 poules mortes de la grippe aviaire \u00e0 Chitwan , au N\u00e9pal . lien<\/p>\n<p>20th Avril 2013 &#8211; 400 000 + canetons morts en raison de la grippe aviaire dans la province du Fujian , en Chine. lien<\/p>\n<p>20th April 2013 \u00e0 100 dauphins ont \u00e9chou\u00e9 morts jusqu&rsquo;\u00e0 pr\u00e9sent cette ann\u00e9e en Italie . lien<\/p>\n<p>20th Avril 2013 &#8211; Grand h\u00e9catombe de poissons dans les \u00e9tangs dans le comt\u00e9 de Zhenghe , la Chine . lien<\/p>\n<p>19th Avril 2013 &#8211; Un grand nombre de poissons morts le long du lac des Prairies au Canada . lien<\/p>\n<p>19 avril 2013 &#8211; 27 000 dindes tu\u00e9es en raison de la grippe aviaire en Basse-Saxe , Allemagne . lien<\/p>\n<p>19th Avril 2013 &#8211; Des centaines de poissons morts trouv\u00e9s dans un lac \u00e0 Sylvan Heights , Pennsylvanie , Etats-Unis. lien<\/p>\n<p>19 avril 2013 &#8211; 1000 oiseaux ont \u00e9chou\u00e9s morts de la pollution p\u00e9troli\u00e8re dans le Devon et Cornwall , en Angleterre. lien<\/p>\n<p>18th Avril 2013 &#8211; Des milliers de poulets morts de typho\u00efde au Costa Rica . lien<\/p>\n<p>18th Avril 2013 &#8211; Des centaines de poissons morts trouv\u00e9s dans la rivi\u00e8re Stour , dans le Kent , en Angleterre. lien<\/p>\n<p>17th Avril 2013 &#8211; Des milliers d&rsquo;oiseaux morts chute de ciel \u00e0 la base de l&rsquo;arm\u00e9e dans l&rsquo;Utah , Etats-Unis. lien<\/p>\n<p>17th Avril 2013 &#8211; Des centaines de porcs , chiens et autres animaux domestiques morts dans la province du Henan , en Chine. lien<\/p>\n<p>16th Avril 2013 &#8211; MILLIONS d&rsquo; hu\u00eetres emport\u00e9e par la maladie \u00e0 Port Stephens , Australie . lien<\/p>\n<p>15th April 2013 \u00e0 400 tortues laver morts jusqu&rsquo;\u00e0 pr\u00e9sent cette ann\u00e9e dans le Tamil Nadu , en Inde. lien<\/p>\n<p>12th Avril 2013 &#8211; 200000 Salmon tu\u00e9 dans Elwha River, \u00c9tat de Washington, \u00c9tats-Unis. lien<\/p>\n<p>13th Avril 2013 &#8211; Des milliers de poissons morts \u00e0 la Grande Eau Pleine r\u00e9servoir , Wisconsin , \u00c9tats-Unis. lien<\/p>\n<p>12th Avril 2013 &#8211; des millions de poissons morts s&rsquo;\u00e9chouent sur \u200b\u200ble lac \u00c9ri\u00e9 , en Am\u00e9rique . LinkDead Fish Lake Erie<\/p>\n<p>12th Avril 2013 &#8211; des tonnes de poissons morts trouv\u00e9s dans le lac Xihu , en Chine. lien<\/p>\n<p>12th April 2013 \u00e0 10 dauphins retrouv\u00e9s morts sur les plages du Nord du P\u00e9rou . lien<\/p>\n<p>12 avril 2013 &#8211; 5000 Martinets mortes de la grippe aviaire \u00e0 Hano\u00ef , au Vietnam . lien<\/p>\n<p>10th Avril 2013 &#8211; 13 000 + poisson retrouv\u00e9 mort dans une rivi\u00e8re dans la pr\u00e9fecture de Shizuoka , au Japon. lien<\/p>\n<p>9th Avril 2013 \u00e0 190 vautours abandonnent ciel morts et de mourants \u00e0 Chaguaramas , Trinit\u00e9 . lien<\/p>\n<p>9th Avril 2013 &#8211; 13 000 poulets tu\u00e9s en raison de la grippe aviaire au Cambodge . lien<\/p>\n<p>8th Avril 2013 \u00e0 150 cerfs sont morts en raison du mauvais temps dans la r\u00e9gion de Kourgan , en Russie. lien<\/p>\n<p>8th Avril 2013 &#8211; tonnes de poissons morts trouv\u00e9s sur le lac Dannemore en Su\u00e8de . lien<\/p>\n<p>8th Avril 2013 &#8211; Des milliers de oiseaux de mer se laver morts sur la c\u00f4te Nord-Est de l&rsquo;Angleterre . lien<\/p>\n<p>8th Avril 2013 &#8211; Des centaines de poissons morts trouv\u00e9s pourriture \u00e0 Shanghai rivi\u00e8re , en Chine. lien<\/p>\n<p>7th Avril 2013 &#8211; Des milliers de poissons morts trouv\u00e9s \u00e9chou\u00e9s \u00e0 Cleveland , en Am\u00e9rique . lien<\/p>\n<p>7th Avril 2013 &#8211; Grand poisson tu\u00e9 sur une rivi\u00e8re \u00e0 Chongqing , en Chine. lien<\/p>\n<p>7th Avril 2013 &#8211; Des milliers de homards, les crabes et les \u00a0\u00bb innombrables\u00a0\u00bb poissons morts s&rsquo;\u00e9chouent dans Brindlinton , en Angleterre. lien<\/p>\n<p>5th Avril 2013 &#8211; Apiculteur avec 5.000 ruches conna\u00eet un 70 % meurent de la derni\u00e8re ann\u00e9e en Am\u00e9rique . lien<\/p>\n<p>5th Avril 2013 &#8211; 20 000 oiseaux tu\u00e9s \u00e0 cause de la grippe aviaire \u00e0 Shanghai , en Chine. lien<\/p>\n<p>4th Avril 2013 \u00e0 20 tonnes de poissons morts flottent sur \u200b\u200bune rivi\u00e8re \u00e0 Shaoxing , Chine . lien<\/p>\n<p>4th Avril 2013 &#8211; Mise \u00e0 jour : 1100 Sea Lions ont \u00e9chou\u00e9 jusqu&rsquo;\u00e0 pr\u00e9sent cette ann\u00e9e en Am\u00e9rique . lien<\/p>\n<p>4th Avril 2013 &#8211; Des centaines de oiseaux de mer se laver morts sur la plage Kirkcaldy en Ecosse . lien<\/p>\n<p>3rd Avril 2013 &#8211; Des milliers d&rsquo;autres lavage d&rsquo;\u00e9toiles de mer \u00e0 terre morts dans Cleebourg , en Angleterre. LinkDead Starfish Cleethorpes<\/p>\n<p>3rd Avril 2013 &#8211; Des milliers de poissons morts s&rsquo;\u00e9chouent sur \u200b\u200bles rives du lac \u00c9ri\u00e9 \u00e0 Buffalo , en Am\u00e9rique . lien<\/p>\n<p>3rd Avril 2013 &#8211; Des centaines de poissons morts trouv\u00e9s flottant le long de Rock River dans l&rsquo;Illinois , en Am\u00e9rique . lien<\/p>\n<p>2nd Avril 2013 au 60 tortues retrouv\u00e9s morts dans un ruisseau dans Sarina , en Australie . lien<\/p>\n<p>2nd Avril 2013 &#8211; Des centaines de poissons morts trouv\u00e9s dans la rivi\u00e8re Manzanares \u00e0 Madrid , Espagne . lien<\/p>\n<p>1st Avril 2013 &#8211; Des milliers de poissons meurent \u00e0 un barrage , dans les Grisons , en Suisse . lien<\/p>\n<p>1st Avril 2013 &#8211; Des centaines de morts Squid laver \u00e0 Victoria , Canada . lien<\/p>\n<p>1st Avril 2013 &#8211; Des milliers de poissons morts continuent de s&rsquo;\u00e9chouer sur les plages Adelaide source de pr\u00e9occupation en Australie . lien<\/p>\n<p>1st Avril 2013 &#8211; Grand nombre de d\u00e9c\u00e8s de b\u00e9b\u00e9s otaries \u00e0 laver en Californie , en Am\u00e9rique . lien<\/p>\n","protected":false},"excerpt":{"rendered":"<p>30th Avril 2013 &#8211; tuer les poissons \u00e0 Eagles Mere lac un myst\u00e8re en Pennsylvanie , \u00c9tats-Unis. LinkFish Tuer USA 29th Avril 2013 &#8211; 43 000 + b\u00e9tail mort des chutes de neige en Irlande du Nord . lien 29th &hellip; <a href=\"https:\/\/www.photos-34.com\/informations\/?page_id=641\">Continuer la lecture <span class=\"meta-nav\">&rarr;<\/span><\/a><\/p>\n","protected":false},"author":1,"featured_media":0,"parent":521,"menu_order":0,"comment_status":"open","ping_status":"open","template":"","meta":{"footnotes":""},"class_list":["post-641","page","type-page","status-publish","hentry"],"_links":{"self":[{"href":"https:\/\/www.photos-34.com\/informations\/index.php?rest_route=\/wp\/v2\/pages\/641","targetHints":{"allow":["GET"]}}],"collection":[{"href":"https:\/\/www.photos-34.com\/informations\/index.php?rest_route=\/wp\/v2\/pages"}],"about":[{"href":"https:\/\/www.photos-34.com\/informations\/index.php?rest_route=\/wp\/v2\/types\/page"}],"author":[{"embeddable":true,"href":"https:\/\/www.photos-34.com\/informations\/index.php?rest_route=\/wp\/v2\/users\/1"}],"replies":[{"embeddable":true,"href":"https:\/\/www.photos-34.com\/informations\/index.php?rest_route=%2Fwp%2Fv2%2Fcomments&post=641"}],"version-history":[{"count":1,"href":"https:\/\/www.photos-34.com\/informations\/index.php?rest_route=\/wp\/v2\/pages\/641\/revisions"}],"predecessor-version":[{"id":642,"href":"https:\/\/www.photos-34.com\/informations\/index.php?rest_route=\/wp\/v2\/pages\/641\/revisions\/642"}],"up":[{"embeddable":true,"href":"https:\/\/www.photos-34.com\/informations\/index.php?rest_route=\/wp\/v2\/pages\/521"}],"wp:attachment":[{"href":"https:\/\/www.photos-34.com\/informations\/index.php?rest_route=%2Fwp%2Fv2%2Fmedia&parent=641"}],"curies":[{"name":"wp","href":"https:\/\/api.w.org\/{rel}","templated":true}]}}